{"id":12,"date":"2017-09-18T11:13:23","date_gmt":"2017-09-18T09:13:23","guid":{"rendered":"http:\/\/www.commercialeinformatica.it\/wordpress-cominf\/?page_id=12"},"modified":"2019-09-06T18:34:54","modified_gmt":"2019-09-06T16:34:54","slug":"vendita","status":"publish","type":"page","link":"https:\/\/www.commercialeinformatica.it\/wordpress-cominf\/vendita\/","title":{"rendered":"Vendita"},"content":{"rendered":"\t\t<div data-elementor-type=\"wp-post\" data-elementor-id=\"12\" class=\"elementor elementor-12\" data-elementor-settings=\"[]\">\n\t\t\t\t\t\t<div class=\"elementor-inner\">\n\t\t\t\t\t\t\t<div class=\"elementor-section-wrap\">\n\t\t\t\t\t\t\t<section class=\"elementor-section elementor-top-section elementor-element elementor-element-59dbf796 elementor-section-boxed elementor-section-height-default elementor-section-height-default\" data-id=\"59dbf796\" data-element_type=\"section\">\n\t\t\t\t\t\t<div class=\"elementor-container elementor-column-gap-default\">\n\t\t\t\t\t\t\t<div class=\"elementor-row\">\n\t\t\t\t\t<div class=\"elementor-column elementor-col-100 elementor-top-column elementor-element elementor-element-135f34d0\" data-id=\"135f34d0\" data-element_type=\"column\">\n\t\t\t<div class=\"elementor-column-wrap elementor-element-populated\">\n\t\t\t\t\t\t\t<div class=\"elementor-widget-wrap\">\n\t\t\t\t\t\t<div class=\"elementor-element elementor-element-77aa4734 elementor-widget elementor-widget-text-editor\" data-id=\"77aa4734\" data-element_type=\"widget\" data-widget_type=\"text-editor.default\">\n\t\t\t\t<div class=\"elementor-widget-container\">\n\t\t\t\t\t<div class=\"elementor-text-editor elementor-clearfix\"><p><strong>Partner Fujitsu, offriamo soluzioni hardware dell&#8217;azienda leader giapponese: notebook, pc, server, storage, tablet, relativi accessori, componenti e periferiche e gli scanner. Per completare l&#8217;offerta e soddisfare ogni tipo di esigenza di gestione aziendale effettuiamo la vendita di applicativi, sistemi operativi, software per la protezione e la sicurezza dei dati, networking, gruppi di continuit\u00e0, multifunzioni e stampanti, consumabili.\u00a0<\/strong><\/p><p><b><img loading=\"lazy\" class=\"alignnone wp-image-90\" src=\"http:\/\/www.commercialeinformatica.it\/wordpress-cominf\/wp-content\/uploads\/2017\/09\/path4677-1.png\" alt=\"\" width=\"20\" height=\"15\" \/> P<\/b><strong>roponiamo anche servizi di noleggio operativo e noleggio costo copia.<\/strong> La nostra missione \u00e8 fornire i supporti\u00a0necessari alle aziende per affrontare le costanti\u00a0sfide industriali, velocizzare il lavoro e abbattere i costi, grazie all&#8217;affidabilit\u00e0 e le prestazioni dei prodotti scelti.<\/p><p>\u00a0<\/p><h2>NOTEBOOK<\/h2><p><img loading=\"lazy\" class=\"size-medium wp-image-100 alignleft\" src=\"http:\/\/www.commercialeinformatica.it\/wordpress-cominf\/wp-content\/uploads\/2017\/09\/39842_K5_Social_Media_Thumbnail_Images-300x225.jpg\" alt=\"\" width=\"300\" height=\"225\" srcset=\"https:\/\/www.commercialeinformatica.it\/wordpress-cominf\/wp-content\/uploads\/2017\/09\/39842_K5_Social_Media_Thumbnail_Images-300x225.jpg 300w, https:\/\/www.commercialeinformatica.it\/wordpress-cominf\/wp-content\/uploads\/2017\/09\/39842_K5_Social_Media_Thumbnail_Images-768x576.jpg 768w, https:\/\/www.commercialeinformatica.it\/wordpress-cominf\/wp-content\/uploads\/2017\/09\/39842_K5_Social_Media_Thumbnail_Images-1024x768.jpg 1024w\" sizes=\"(max-width: 300px) 100vw, 300px\" \/><\/p><h2>PC DESKTOP<\/h2><p><img loading=\"lazy\" class=\" wp-image-105 alignleft\" src=\"http:\/\/www.commercialeinformatica.it\/wordpress-cominf\/wp-content\/uploads\/2017\/09\/46679_CELSIUS_M770_-_left-259x300.jpg\" alt=\"\" width=\"225\" height=\"261\" srcset=\"https:\/\/www.commercialeinformatica.it\/wordpress-cominf\/wp-content\/uploads\/2017\/09\/46679_CELSIUS_M770_-_left-259x300.jpg 259w, https:\/\/www.commercialeinformatica.it\/wordpress-cominf\/wp-content\/uploads\/2017\/09\/46679_CELSIUS_M770_-_left-768x890.jpg 768w, https:\/\/www.commercialeinformatica.it\/wordpress-cominf\/wp-content\/uploads\/2017\/09\/46679_CELSIUS_M770_-_left-884x1024.jpg 884w\" sizes=\"(max-width: 225px) 100vw, 225px\" \/><\/p><p>I dispositivi professionali Fujitsu supportano la tua attivit\u00e0 con soluzioni entry-level e soluzioni personalizzate performanti. Ampie opzioni di configurazione per ogni macchina offrono la massima flessibilit\u00e0. Inoltre, offrono la massima affidabilit\u00e0, guidata da una combinazione unica di ingegneria di precisione tedesca e di qualit\u00e0 giapponese, supportata da 30 anni di esperienza.<\/p><p>\u00a0<\/p><p>\u00a0<\/p><p>\u00a0<\/p><h2>SERVER \u00a0 \u00a0 \u00a0 \u00a0 \u00a0 \u00a0 \u00a0 \u00a0 \u00a0 \u00a0\u00a0 STORAGE \u00a0 \u00a0 \u00a0 \u00a0 \u00a0 \u00a0 \u00a0 \u00a0 \u00a0 \u00a0 \u00a0\u00a0 MONITOR e ACCESSORI<\/h2><h2><img loading=\"lazy\" class=\"alignnone wp-image-107\" src=\"http:\/\/www.commercialeinformatica.it\/wordpress-cominf\/wp-content\/uploads\/2017\/09\/47013_FUJITSU_Server_PRIMEQUEST_3400E_right_side_wide_angle_-300x186.jpg\" alt=\"\" width=\"253\" height=\"157\" srcset=\"https:\/\/www.commercialeinformatica.it\/wordpress-cominf\/wp-content\/uploads\/2017\/09\/47013_FUJITSU_Server_PRIMEQUEST_3400E_right_side_wide_angle_-300x186.jpg 300w, https:\/\/www.commercialeinformatica.it\/wordpress-cominf\/wp-content\/uploads\/2017\/09\/47013_FUJITSU_Server_PRIMEQUEST_3400E_right_side_wide_angle_-768x476.jpg 768w, https:\/\/www.commercialeinformatica.it\/wordpress-cominf\/wp-content\/uploads\/2017\/09\/47013_FUJITSU_Server_PRIMEQUEST_3400E_right_side_wide_angle_-1024x635.jpg 1024w\" sizes=\"(max-width: 253px) 100vw, 253px\" \/> \u00a0<img loading=\"lazy\" class=\"alignnone size-medium wp-image-101\" src=\"http:\/\/www.commercialeinformatica.it\/wordpress-cominf\/wp-content\/uploads\/2017\/09\/42984_Fujitsu_ETERNUS_DX_S4_-_expansion_shelf_-_right_side-300x127.jpg\" alt=\"\" width=\"300\" height=\"127\" srcset=\"https:\/\/www.commercialeinformatica.it\/wordpress-cominf\/wp-content\/uploads\/2017\/09\/42984_Fujitsu_ETERNUS_DX_S4_-_expansion_shelf_-_right_side-300x127.jpg 300w, https:\/\/www.commercialeinformatica.it\/wordpress-cominf\/wp-content\/uploads\/2017\/09\/42984_Fujitsu_ETERNUS_DX_S4_-_expansion_shelf_-_right_side-768x325.jpg 768w, https:\/\/www.commercialeinformatica.it\/wordpress-cominf\/wp-content\/uploads\/2017\/09\/42984_Fujitsu_ETERNUS_DX_S4_-_expansion_shelf_-_right_side-1024x433.jpg 1024w\" sizes=\"(max-width: 300px) 100vw, 300px\" \/>\u00a0 <img loading=\"lazy\" class=\"wp-image-111 alignnone\" src=\"http:\/\/www.commercialeinformatica.it\/wordpress-cominf\/wp-content\/uploads\/2017\/09\/46960_KB950_Phone_with_headset-300x225.jpg\" alt=\"\" width=\"252\" height=\"189\" srcset=\"https:\/\/www.commercialeinformatica.it\/wordpress-cominf\/wp-content\/uploads\/2017\/09\/46960_KB950_Phone_with_headset-300x225.jpg 300w, https:\/\/www.commercialeinformatica.it\/wordpress-cominf\/wp-content\/uploads\/2017\/09\/46960_KB950_Phone_with_headset-768x576.jpg 768w, https:\/\/www.commercialeinformatica.it\/wordpress-cominf\/wp-content\/uploads\/2017\/09\/46960_KB950_Phone_with_headset-1024x768.jpg 1024w\" sizes=\"(max-width: 252px) 100vw, 252px\" \/><\/h2><h2 style=\"text-align: right;\">\u00a0<\/h2><p>Commerciale Informatica srl con Fujitsu vi offre una gamma completa di hardware altamente espandibile e scalabile. L&#8217;innovazione e la qualit\u00e0 produttiva eccezionale garantiscono un&#8217;affidabilit\u00e0 superiore con un occhio di riguardo all&#8217;ambiente. Ad esempio, gli alimentatori dei pc hanno un&#8217;efficienza energetica capace di abbassare la bolletta dell&#8217;energia e ridurre la vostra impronta ambientale; infatti, i dispositivi con una tecnologia di alimentazione efficiente fino al 94% riducono i costi energetici fino al 40% rispetto ad un PC di 4 anni.<\/p><p>\u00a0<\/p><h2>\u00a0<\/h2><p><img loading=\"lazy\" class=\"aligncenter wp-image-96 size-full\" src=\"http:\/\/www.commercialeinformatica.it\/wordpress-cominf\/wp-content\/uploads\/2017\/09\/vendita.png\" alt=\"\" width=\"744\" height=\"436\" srcset=\"https:\/\/www.commercialeinformatica.it\/wordpress-cominf\/wp-content\/uploads\/2017\/09\/vendita.png 744w, https:\/\/www.commercialeinformatica.it\/wordpress-cominf\/wp-content\/uploads\/2017\/09\/vendita-300x176.png 300w\" sizes=\"(max-width: 744px) 100vw, 744px\" \/><\/p><p>\u00a0<\/p><p>\u00a0<\/p><\/div>\n\t\t\t\t<\/div>\n\t\t\t\t<\/div>\n\t\t\t\t\t\t<\/div>\n\t\t\t\t\t<\/div>\n\t\t<\/div>\n\t\t\t\t\t\t\t\t<\/div>\n\t\t\t\t\t<\/div>\n\t\t<\/section>\n\t\t\t\t<section class=\"elementor-section elementor-top-section elementor-element elementor-element-7d3b93c elementor-section-boxed elementor-section-height-default elementor-section-height-default\" data-id=\"7d3b93c\" data-element_type=\"section\">\n\t\t\t\t\t\t<div class=\"elementor-container elementor-column-gap-default\">\n\t\t\t\t\t\t\t<div class=\"elementor-row\">\n\t\t\t\t\t<div class=\"elementor-column elementor-col-100 elementor-top-column elementor-element elementor-element-c099efc\" data-id=\"c099efc\" data-element_type=\"column\">\n\t\t\t<div class=\"elementor-column-wrap\">\n\t\t\t\t\t\t\t<div class=\"elementor-widget-wrap\">\n\t\t\t\t\t\t\t\t<\/div>\n\t\t\t\t\t<\/div>\n\t\t<\/div>\n\t\t\t\t\t\t\t\t<\/div>\n\t\t\t\t\t<\/div>\n\t\t<\/section>\n\t\t\t\t\t\t<\/div>\n\t\t\t\t\t\t<\/div>\n\t\t\t\t\t<\/div>\n\t\t","protected":false},"excerpt":{"rendered":"<p>Partner Fujitsu, offriamo soluzioni hardware dell&#8217;azienda leader giapponese: notebook, pc, server, storage, tablet, relativi accessori, componenti e periferiche e gli scanner. Per completare l&#8217;offerta e soddisfare ogni tipo di esigenza di gestione aziendale effettuiamo la vendita di applicativi, sistemi operativi, software per la protezione e la sicurezza dei dati, networking, gruppi di continuit\u00e0, multifunzioni e [&hellip;]<\/p>\n","protected":false},"author":1,"featured_media":130,"parent":0,"menu_order":0,"comment_status":"closed","ping_status":"closed","template":"","meta":[],"_links":{"self":[{"href":"https:\/\/www.commercialeinformatica.it\/wordpress-cominf\/wp-json\/wp\/v2\/pages\/12"}],"collection":[{"href":"https:\/\/www.commercialeinformatica.it\/wordpress-cominf\/wp-json\/wp\/v2\/pages"}],"about":[{"href":"https:\/\/www.commercialeinformatica.it\/wordpress-cominf\/wp-json\/wp\/v2\/types\/page"}],"author":[{"embeddable":true,"href":"https:\/\/www.commercialeinformatica.it\/wordpress-cominf\/wp-json\/wp\/v2\/users\/1"}],"replies":[{"embeddable":true,"href":"https:\/\/www.commercialeinformatica.it\/wordpress-cominf\/wp-json\/wp\/v2\/comments?post=12"}],"version-history":[{"count":16,"href":"https:\/\/www.commercialeinformatica.it\/wordpress-cominf\/wp-json\/wp\/v2\/pages\/12\/revisions"}],"predecessor-version":[{"id":158,"href":"https:\/\/www.commercialeinformatica.it\/wordpress-cominf\/wp-json\/wp\/v2\/pages\/12\/revisions\/158"}],"wp:featuredmedia":[{"embeddable":true,"href":"https:\/\/www.commercialeinformatica.it\/wordpress-cominf\/wp-json\/wp\/v2\/media\/130"}],"wp:attachment":[{"href":"https:\/\/www.commercialeinformatica.it\/wordpress-cominf\/wp-json\/wp\/v2\/media?parent=12"}],"curies":[{"name":"wp","href":"https:\/\/api.w.org\/{rel}","templated":true}]}}